{"id":37,"date":"2025-12-17T17:30:49","date_gmt":"2025-12-17T17:30:49","guid":{"rendered":"https:\/\/annastiinamakitalo.com\/?page_id=37"},"modified":"2026-04-30T13:21:20","modified_gmt":"2026-04-30T13:21:20","slug":"homepage","status":"publish","type":"page","link":"https:\/\/annastiinamakitalo.com\/","title":{"rendered":"Home"},"content":{"rendered":"\n<div class=\"wp-block-cover alignfull is-light\" style=\"min-height:100vh;aspect-ratio:unset;\"><img loading=\"lazy\" decoding=\"async\" width=\"2000\" height=\"1334\" class=\"wp-block-cover__image-background wp-image-717 size-full\" alt=\"\" src=\"https:\/\/annastiinamakitalo.com\/wp-content\/uploads\/2026\/04\/Annastiina_Makitalo_hero_studio.jpg\" data-object-fit=\"cover\" srcset=\"https:\/\/annastiinamakitalo.com\/wp-content\/uploads\/2026\/04\/Annastiina_Makitalo_hero_studio.jpg 2000w, https:\/\/annastiinamakitalo.com\/wp-content\/uploads\/2026\/04\/Annastiina_Makitalo_hero_studio-300x200.jpg 300w, https:\/\/annastiinamakitalo.com\/wp-content\/uploads\/2026\/04\/Annastiina_Makitalo_hero_studio-1024x683.jpg 1024w, https:\/\/annastiinamakitalo.com\/wp-content\/uploads\/2026\/04\/Annastiina_Makitalo_hero_studio-600x400.jpg 600w, https:\/\/annastiinamakitalo.com\/wp-content\/uploads\/2026\/04\/Annastiina_Makitalo_hero_studio-1200x800.jpg 1200w\" sizes=\"auto, (max-width: 2000px) 100vw, 2000px\" \/><span aria-hidden=\"true\" class=\"wp-block-cover__background has-background-dim-20 has-background-dim\" style=\"background-color:#a09c99\"><\/span><div class=\"wp-block-cover__inner-container has-global-padding is-layout-constrained wp-block-cover-is-layout-constrained\">\n\n\n<p class=\"has-text-align-center has-white-color has-text-color has-max-60-font-size\" style=\"font-style:normal;font-weight:900;line-height:1.2\"><strong>Art. Design. <\/strong><\/p>\n\n\n\n<p class=\"has-text-align-center has-white-color has-text-color has-max-60-font-size\" style=\"font-style:normal;font-weight:900;line-height:1.2\"><strong>Illustration.<\/strong><\/p>\n\n\n\n<div style=\"height:55px\" aria-hidden=\"true\" class=\"wp-block-spacer\"><\/div>\n\n\n\n<div class=\"wp-block-buttons is-content-justification-center is-layout-flex wp-container-core-buttons-is-layout-a89b3969 wp-block-buttons-is-layout-flex\">\n<div class=\"wp-block-button is-style-outline is-style-outline--1\"><a class=\"wp-block-button__link has-white-color has-text-color wp-element-button\" href=\"\/index.php\/sample-page\/\" style=\"border-radius:0px\">lue lis\u00e4\u00e4<\/a><\/div>\n<\/div>\n<\/div><\/div>\n\n\n\n<div class=\"wp-block-group has-global-padding is-layout-constrained wp-block-group-is-layout-constrained\">\n\n\n<h2 class=\"wp-block-heading has-text-align-center has-medium-font-size\" style=\"letter-spacing:1px\">Hei!<\/h2>\n\n\n\n<p class=\"has-text-align-center\">Olen Annastiina ja rakastan luoda maailmaan kauneutta, iloa ja merkityksellisyytt\u00e4 taiteeni kautta.<\/p>\n\n\n\n<div class=\"wp-block-buttons is-horizontal is-content-justification-center is-layout-flex wp-container-core-buttons-is-layout-03627597 wp-block-buttons-is-layout-flex\">\n<div class=\"wp-block-button is-style-outline is-style-outline--2\"><a class=\"wp-block-button__link has-small-font-size has-custom-font-size wp-element-button\" href=\"\/index.php\/project\/annastiina-makitalo\/\" style=\"border-radius:0px\">lue lis\u00e4\u00e4<\/a><\/div>\n<\/div>\n\n\n<\/div>\n\n\n\n<div id=\"services\" class=\"wp-block-group alignfull pattern_multiple_covers has-background has-global-padding is-layout-constrained wp-block-group-is-layout-constrained\">\n\n\n<p class=\"has-text-align-left has-secondary-color has-text-color\" style=\"letter-spacing:1px\">Mik\u00e4 uusi projekti aloitetaan yhdess\u00e4?<\/p>\n\n\n\n<h2 class=\"wp-block-heading has-text-align-left\">Julkinen taide, kuosisuunnittelu ja kuvitus<\/h2>\n\n\n\n<p class=\"has-text-align-left\">Olen toiminut graafisena suunnittelijana ja kuvittajana yli 20 vuotta. Kokemusta on karttunut kuoseista kirjoihin ja br\u00e4ndi-ilmeist\u00e4 videotuotantoihin. Olen julkaissut kahdeksan kirjaa, joista osan olen my\u00f6s kirjoittanut. Viime vuosina suuret arkkitehtuuriin ja rakennusten sis\u00e4tiloihin sijoittuvat, usein yhteis\u00f6llisetkin taideprojektit ovat olleet itselleni hyvin inspiroivia.<\/p>\n\n\n\n<div style=\"height:46px\" aria-hidden=\"true\" class=\"wp-block-spacer\"><\/div>\n\n\n\n<div class=\"wp-block-columns is-layout-flex wp-container-core-columns-is-layout-28f84493 wp-block-columns-is-layout-flex\">\n<div class=\"wp-block-column is-layout-flow wp-block-column-is-layout-flow\" style=\"padding-top:0;padding-right:0;padding-bottom:0;padding-left:0\">\n<div class=\"wp-block-cover has-custom-content-position is-position-bottom-left\" style=\"padding-top:var(--wp--preset--spacing--small);padding-right:var(--wp--preset--spacing--x-small);padding-bottom:var(--wp--preset--spacing--small);padding-left:var(--wp--preset--spacing--x-small)\"><img loading=\"lazy\" decoding=\"async\" width=\"769\" height=\"1024\" class=\"wp-block-cover__image-background wp-image-62 size-large\" alt=\"\" src=\"https:\/\/annastiinamakitalo.com\/wp-content\/uploads\/2025\/12\/Hiidensalmi_taide2-769x1024.jpg\" data-object-fit=\"cover\" srcset=\"https:\/\/annastiinamakitalo.com\/wp-content\/uploads\/2025\/12\/Hiidensalmi_taide2-769x1024.jpg 769w, https:\/\/annastiinamakitalo.com\/wp-content\/uploads\/2025\/12\/Hiidensalmi_taide2-225x300.jpg 225w, https:\/\/annastiinamakitalo.com\/wp-content\/uploads\/2025\/12\/Hiidensalmi_taide2.jpg 1183w\" sizes=\"auto, (max-width: 769px) 100vw, 769px\" \/><span aria-hidden=\"true\" class=\"wp-block-cover__background has-primary-background-color has-background-dim-70 has-background-dim\"><\/span><div class=\"wp-block-cover__inner-container is-layout-flow wp-block-cover-is-layout-flow\">\n\n\n<p><\/p>\n\n\n\n<h3 class=\"wp-block-heading has-white-color has-text-color has-medium-font-size\" style=\"margin-top:0;margin-right:0;margin-bottom:0;margin-left:0\">Julkinen taide<\/h3>\n\n\n\n<p class=\"has-secondary-color has-text-color has-link-color wp-elements-3e0769cf25212df99143fb87116e5f1a\" style=\"margin-top:0;margin-right:0;margin-bottom:0;margin-left:0\"><a href=\"https:\/\/annastiinamakitalo.com\/index.php\/project\/lohi-graphics\/\">Lue lis\u00e4\u00e4 t\u00e4st\u00e4 projektista \u2192<\/a><\/p>\n<\/div><\/div>\n<\/div>\n\n\n\n<div class=\"wp-block-column is-layout-flow wp-block-column-is-layout-flow\" style=\"padding-top:0;padding-right:0;padding-bottom:0;padding-left:0\">\n<div class=\"wp-block-cover has-custom-content-position is-position-bottom-left\" style=\"padding-top:var(--wp--preset--spacing--small);padding-right:var(--wp--preset--spacing--x-small);padding-bottom:var(--wp--preset--spacing--small);padding-left:var(--wp--preset--spacing--x-small)\"><img loading=\"lazy\" decoding=\"async\" width=\"1476\" height=\"1598\" class=\"wp-block-cover__image-background wp-image-82 size-full\" alt=\"\" src=\"https:\/\/annastiinamakitalo.com\/wp-content\/uploads\/2025\/12\/Nayttokuva-2021-10-31-kello-16.30.05.png\" data-object-fit=\"cover\" srcset=\"https:\/\/annastiinamakitalo.com\/wp-content\/uploads\/2025\/12\/Nayttokuva-2021-10-31-kello-16.30.05.png 1476w, https:\/\/annastiinamakitalo.com\/wp-content\/uploads\/2025\/12\/Nayttokuva-2021-10-31-kello-16.30.05-277x300.png 277w, https:\/\/annastiinamakitalo.com\/wp-content\/uploads\/2025\/12\/Nayttokuva-2021-10-31-kello-16.30.05-946x1024.png 946w\" sizes=\"auto, (max-width: 1476px) 100vw, 1476px\" \/><span aria-hidden=\"true\" class=\"wp-block-cover__background has-primary-background-color has-background-dim-70 has-background-dim\"><\/span><div class=\"wp-block-cover__inner-container is-layout-flow wp-block-cover-is-layout-flow\">\n<h3 class=\"wp-block-heading has-white-color has-text-color has-medium-font-size\" style=\"margin-top:0;margin-right:0;margin-bottom:0;margin-left:0\">Kuosisuunnittelu<\/h3>\n\n\n\n\n\n<p class=\"has-secondary-color has-text-color has-link-color wp-elements-9ccce34f6dc767cdb00411697f65593c\" style=\"margin-top:0;margin-right:0;margin-bottom:0;margin-left:0\"><a href=\"\/index.php\/project\/kuosisuunnittelu-usva-polku-ja-silkkiturkki\/\">Lue lis\u00e4\u00e4 t\u00e4st\u00e4 projektista \u2192<\/a><\/p>\n<\/div><\/div>\n<\/div>\n\n\n\n<div class=\"wp-block-column is-layout-flow wp-block-column-is-layout-flow\" style=\"padding-top:0;padding-right:0;padding-bottom:0;padding-left:0\">\n<div class=\"wp-block-cover has-custom-content-position is-position-bottom-left\" style=\"padding-top:var(--wp--preset--spacing--small);padding-right:var(--wp--preset--spacing--x-small);padding-bottom:var(--wp--preset--spacing--small);padding-left:var(--wp--preset--spacing--x-small)\"><img loading=\"lazy\" decoding=\"async\" width=\"300\" height=\"300\" class=\"wp-block-cover__image-background wp-image-375 size-full\" alt=\"\" src=\"https:\/\/annastiinamakitalo.com\/wp-content\/uploads\/2026\/03\/Annastiina_Makitalo_kuvitus_Runotytto-muotokuvat_300x300px.jpg\" data-object-fit=\"cover\" srcset=\"https:\/\/annastiinamakitalo.com\/wp-content\/uploads\/2026\/03\/Annastiina_Makitalo_kuvitus_Runotytto-muotokuvat_300x300px.jpg 300w, https:\/\/annastiinamakitalo.com\/wp-content\/uploads\/2026\/03\/Annastiina_Makitalo_kuvitus_Runotytto-muotokuvat_300x300px-150x150.jpg 150w\" sizes=\"auto, (max-width: 300px) 100vw, 300px\" \/><span aria-hidden=\"true\" class=\"wp-block-cover__background has-primary-background-color has-background-dim-70 has-background-dim\"><\/span><div class=\"wp-block-cover__inner-container is-layout-flow wp-block-cover-is-layout-flow\">\n<h2 class=\"wp-block-heading has-white-color has-text-color has-medium-font-size\" style=\"margin-top:0;margin-right:0;margin-bottom:0;margin-left:0\">Kuvitus<\/h2>\n\n\n\n<p class=\"has-secondary-color has-text-color has-link-color wp-elements-551d565fddf37c36d5d44ba9f367ddaf\" style=\"margin-top:0;margin-right:0;margin-bottom:0;margin-left:0\"><a href=\"\/index.php\/project\/runotytto-muotokuvat\/\">Lue lis\u00e4\u00e4 t\u00e4st\u00e4 projektista \u2192<\/a><\/p>\n<\/div><\/div>\n<\/div>\n<\/div>\n\n\n<\/div>\n\n\n\n<div class=\"wp-block-group alignfull has-global-padding is-layout-constrained wp-block-group-is-layout-constrained\"><\/div>\n\n\n\n<div class=\"wp-block-group alignfull has-background has-global-padding is-layout-constrained wp-block-group-is-layout-constrained\">\n<div class=\"wp-block-group has-global-padding is-layout-constrained wp-block-group-is-layout-constrained\" style=\"padding-top:var(--wp--preset--spacing--small);padding-bottom:var(--wp--preset--spacing--small)\">\n<div style=\"height:30px\" aria-hidden=\"true\" class=\"wp-block-spacer\"><\/div>\n\n\n\n<div class=\"wp-block-columns are-vertically-aligned-center is-layout-flex wp-container-core-columns-is-layout-c375d253 wp-block-columns-is-layout-flex\">\n<div class=\"wp-block-column is-vertically-aligned-center is-layout-flow wp-block-column-is-layout-flow\">\n<figure class=\"wp-block-image size-full\"><img loading=\"lazy\" decoding=\"async\" width=\"2560\" height=\"1536\" src=\"https:\/\/annastiinamakitalo.com\/wp-content\/uploads\/2025\/12\/Annastiina_Makitalo_Kukkaseppele-1_small-scaled.jpg\" alt=\"\" class=\"wp-image-124\" srcset=\"https:\/\/annastiinamakitalo.com\/wp-content\/uploads\/2025\/12\/Annastiina_Makitalo_Kukkaseppele-1_small-scaled.jpg 2560w, https:\/\/annastiinamakitalo.com\/wp-content\/uploads\/2025\/12\/Annastiina_Makitalo_Kukkaseppele-1_small-300x180.jpg 300w, https:\/\/annastiinamakitalo.com\/wp-content\/uploads\/2025\/12\/Annastiina_Makitalo_Kukkaseppele-1_small-1024x614.jpg 1024w, https:\/\/annastiinamakitalo.com\/wp-content\/uploads\/2025\/12\/Annastiina_Makitalo_Kukkaseppele-1_small-2000x1200.jpg 2000w\" sizes=\"auto, (max-width: 2560px) 100vw, 2560px\" \/><\/figure>\n<\/div>\n\n\n\n<div class=\"wp-block-column is-vertically-aligned-center is-layout-flow wp-block-column-is-layout-flow\">\n<h2 class=\"wp-block-heading has-medium-font-size\" style=\"text-transform:uppercase\">ASIAKaSPALAUTE<\/h2>\n\n\n\n<p>\u201c<em>Kukkaseppele-teos on tyylik\u00e4s katseenvangitsija, joka el\u00e4v\u00f6itt\u00e4\u00e4 koko Lentolan aluetta. Annastiinan ajatuksesta my\u00f6s asiakkaitamme osallistettiin teoksen aiheen valintaan.<\/em>\u201d<\/p>\n\n\n\n<p><em>Erika Vakkilainen ja Petri Widgren, Pirkanmaan Osuuskauppa<\/em><\/p>\n\n\n\n<div class=\"wp-block-buttons is-layout-flex wp-block-buttons-is-layout-flex\">\n<div class=\"wp-block-button is-style-outline is-style-outline--4\"><a class=\"wp-block-button__link wp-element-button\" href=\"\/index.php\/sample-page\/\" style=\"border-radius:0px\">portfolio<\/a><\/div>\n<\/div>\n<\/div>\n<\/div>\n\n\n\n<div style=\"height:30px\" aria-hidden=\"true\" class=\"wp-block-spacer\"><\/div>\n<\/div>\n<\/div>\n\n\n\n\n\n<div id=\"partners\" class=\"wp-block-group has-global-padding is-content-justification-center is-layout-constrained wp-container-core-group-is-layout-dc06fb1d wp-block-group-is-layout-constrained\">\n\n\n\n<\/div>\n\n\n\n\n\n<div class=\"wp-block-cover alignfull has-parallax is-position-center-center\" style=\"border-radius:0px\"><div class=\"wp-block-cover__image-background wp-image-661 size-large has-parallax\" style=\"background-position:50% 50%;background-image:url(https:\/\/annastiinamakitalo.com\/wp-content\/uploads\/2026\/03\/Annastiina_Makitalo_kuosisuunnittelu_kukka-akvarelli_ruskea-1024x800.jpg)\"><\/div><span aria-hidden=\"true\" class=\"wp-block-cover__background has-black-background-color has-background-dim-40 has-background-dim\"><\/span><div class=\"wp-block-cover__inner-container is-layout-flow wp-block-cover-is-layout-flow\">\n<div class=\"wp-block-group has-global-padding is-layout-constrained wp-block-group-is-layout-constrained\">\n<h3 class=\"wp-block-heading has-text-align-center has-text-color has-medium-font-size\" style=\"color:#fffffa;text-transform:uppercase\">ASIAKKAITANI VUOSIEN VARRELTA<\/h3>\n\n\n\n<p class=\"has-text-align-center has-white-color has-text-color\">mm. Pirkanmaan Osuuskauppa | Lohjan kaupunki | Suur-Seudun Osuuskauppa | Kotisitekij\u00e4 | H\u00e4meen rakennusmestarit | VIMMA | Eurokangas | Taival Clothing | Verson Puoti | H\u00e4meenlinnan kaupunki | Nurmij\u00e4rven kunta | Lohjan kaupunki | Arktikum | WSOY | Lasten Keskus | Martela | Talotuote.fi | HTC Helsinki | Vantaan seurakunnat | Lohjan seurakunta | Musti Group \/ Vettris | Rauman kaupunki | Helsingin kaupunki | \u00d6 brewing | Lohja spa &amp; resort | Calliola | H\u00e4meenlinnan kaupunginmuseo | Hortoilu.fi<\/p>\n\n\n\n<p><\/p>\n\n\n\n<div style=\"height:31px\" aria-hidden=\"true\" class=\"wp-block-spacer\"><\/div>\n\n\n\n<div class=\"wp-block-buttons is-horizontal is-content-justification-center is-layout-flex wp-container-core-buttons-is-layout-03627597 wp-block-buttons-is-layout-flex\">\n<div class=\"wp-block-button is-style-outline is-style-outline--6\"><a class=\"wp-block-button__link has-white-color has-text-color wp-element-button\" href=\"\/index.php\/contact-2\/\" style=\"border-radius:0px\">ota yhteytt\u00e4!<\/a><\/div>\n<\/div>\n<\/div>\n<\/div><\/div>\n\n\n\n<p><\/p>\n","protected":false},"excerpt":{"rendered":"<p>Hei! Olen Annastiina ja rakastan luoda maailmaan kauneutta, iloa ja merkityksellisyytt\u00e4 taiteeni kautta. Mik\u00e4 uusi projekti aloitetaan yhdess\u00e4? Julkinen taide, kuosisuunnittelu ja kuvitus Olen toiminut graafisena suunnittelijana ja kuvittajana yli 20 vuotta. Kokemusta on karttunut kuoseista kirjoihin ja br\u00e4ndi-ilmeist\u00e4 videotuotantoihin. Olen julkaissut kahdeksan kirjaa, joista osan olen my\u00f6s kirjoittanut. Viime vuosina suuret arkkitehtuuriin ja rakennusten &hellip; <\/p>\n<p class=\"link-more\"><a href=\"https:\/\/annastiinamakitalo.com\/\" class=\"more-link\">Read more<span class=\"screen-reader-text\"> &#8221;Home&#8221;<\/span><\/a><\/p>\n","protected":false},"author":1,"featured_media":16,"parent":0,"menu_order":0,"comment_status":"closed","ping_status":"closed","template":"page-templates\/homepage-builder-bb.php","meta":{"inspiro_hide_title":false,"footnotes":""},"class_list":["post-37","page","type-page","status-publish","has-post-thumbnail","hentry"],"featured_media_urls":{"thumbnail":["https:\/\/annastiinamakitalo.com\/wp-content\/uploads\/2025\/12\/41c65b63-f748-4316-821c-8b4256749975-150x150.jpg",150,150,true],"medium":["https:\/\/annastiinamakitalo.com\/wp-content\/uploads\/2025\/12\/41c65b63-f748-4316-821c-8b4256749975-300x200.jpg",300,200,true],"medium_large":["https:\/\/annastiinamakitalo.com\/wp-content\/uploads\/2025\/12\/41c65b63-f748-4316-821c-8b4256749975-768x512.jpg",768,512,true],"large":["https:\/\/annastiinamakitalo.com\/wp-content\/uploads\/2025\/12\/41c65b63-f748-4316-821c-8b4256749975-1024x682.jpg",950,633,true],"1536x1536":["https:\/\/annastiinamakitalo.com\/wp-content\/uploads\/2025\/12\/41c65b63-f748-4316-821c-8b4256749975-1536x1023.jpg",1536,1023,true],"2048x2048":["https:\/\/annastiinamakitalo.com\/wp-content\/uploads\/2025\/12\/41c65b63-f748-4316-821c-8b4256749975.jpg",1600,1066,false],"inspiro-featured-image":["https:\/\/annastiinamakitalo.com\/wp-content\/uploads\/2025\/12\/41c65b63-f748-4316-821c-8b4256749975.jpg",1600,1066,false],"inspiro-loop":["https:\/\/annastiinamakitalo.com\/wp-content\/uploads\/2025\/12\/41c65b63-f748-4316-821c-8b4256749975-950x320.jpg",950,320,true],"inspiro-loop@2x":["https:\/\/annastiinamakitalo.com\/wp-content\/uploads\/2025\/12\/41c65b63-f748-4316-821c-8b4256749975-1600x640.jpg",1600,640,true],"portfolio_item-thumbnail":["https:\/\/annastiinamakitalo.com\/wp-content\/uploads\/2025\/12\/41c65b63-f748-4316-821c-8b4256749975-600x400.jpg",600,400,true],"portfolio_item-thumbnail@2x":["https:\/\/annastiinamakitalo.com\/wp-content\/uploads\/2025\/12\/41c65b63-f748-4316-821c-8b4256749975-1200x800.jpg",1200,800,true],"portfolio_item-masonry":["https:\/\/annastiinamakitalo.com\/wp-content\/uploads\/2025\/12\/41c65b63-f748-4316-821c-8b4256749975-600x400.jpg",600,400,true],"portfolio_item-masonry@2x":["https:\/\/annastiinamakitalo.com\/wp-content\/uploads\/2025\/12\/41c65b63-f748-4316-821c-8b4256749975-1200x800.jpg",1200,800,true],"portfolio_item-thumbnail_cinema":["https:\/\/annastiinamakitalo.com\/wp-content\/uploads\/2025\/12\/41c65b63-f748-4316-821c-8b4256749975-800x335.jpg",800,335,true],"portfolio_item-thumbnail_portrait":["https:\/\/annastiinamakitalo.com\/wp-content\/uploads\/2025\/12\/41c65b63-f748-4316-821c-8b4256749975-600x900.jpg",600,900,true],"portfolio_item-thumbnail_portrait@2x":["https:\/\/annastiinamakitalo.com\/wp-content\/uploads\/2025\/12\/41c65b63-f748-4316-821c-8b4256749975-1200x1066.jpg",1200,1066,true],"portfolio_item-thumbnail_square":["https:\/\/annastiinamakitalo.com\/wp-content\/uploads\/2025\/12\/41c65b63-f748-4316-821c-8b4256749975-800x800.jpg",800,800,true]},"_links":{"self":[{"href":"https:\/\/annastiinamakitalo.com\/index.php\/wp-json\/wp\/v2\/pages\/37","targetHints":{"allow":["GET"]}}],"collection":[{"href":"https:\/\/annastiinamakitalo.com\/index.php\/wp-json\/wp\/v2\/pages"}],"about":[{"href":"https:\/\/annastiinamakitalo.com\/index.php\/wp-json\/wp\/v2\/types\/page"}],"author":[{"embeddable":true,"href":"https:\/\/annastiinamakitalo.com\/index.php\/wp-json\/wp\/v2\/users\/1"}],"replies":[{"embeddable":true,"href":"https:\/\/annastiinamakitalo.com\/index.php\/wp-json\/wp\/v2\/comments?post=37"}],"version-history":[{"count":93,"href":"https:\/\/annastiinamakitalo.com\/index.php\/wp-json\/wp\/v2\/pages\/37\/revisions"}],"predecessor-version":[{"id":724,"href":"https:\/\/annastiinamakitalo.com\/index.php\/wp-json\/wp\/v2\/pages\/37\/revisions\/724"}],"wp:featuredmedia":[{"embeddable":true,"href":"https:\/\/annastiinamakitalo.com\/index.php\/wp-json\/wp\/v2\/media\/16"}],"wp:attachment":[{"href":"https:\/\/annastiinamakitalo.com\/index.php\/wp-json\/wp\/v2\/media?parent=37"}],"curies":[{"name":"wp","href":"https:\/\/api.w.org\/{rel}","templated":true}]}}