{"id":38,"date":"2025-12-17T17:30:49","date_gmt":"2025-12-17T17:30:49","guid":{"rendered":"https:\/\/annastiinamakitalo.com\/?page_id=38"},"modified":"2026-04-30T13:17:43","modified_gmt":"2026-04-30T13:17:43","slug":"about","status":"publish","type":"page","link":"https:\/\/annastiinamakitalo.com\/index.php\/about\/","title":{"rendered":"Annastiina M\u00e4kitalo"},"content":{"rendered":"\n<figure class=\"wp-block-image size-full is-resized\"><img loading=\"lazy\" decoding=\"async\" width=\"2000\" height=\"1333\" src=\"https:\/\/annastiinamakitalo.com\/wp-content\/uploads\/2026\/03\/Annastiina_Makitalo_pellolla_koira2.jpg\" alt=\"\" class=\"wp-image-572\" style=\"aspect-ratio:1.4992854967554525;width:1200px;height:auto\" srcset=\"https:\/\/annastiinamakitalo.com\/wp-content\/uploads\/2026\/03\/Annastiina_Makitalo_pellolla_koira2.jpg 2000w, https:\/\/annastiinamakitalo.com\/wp-content\/uploads\/2026\/03\/Annastiina_Makitalo_pellolla_koira2-300x200.jpg 300w, https:\/\/annastiinamakitalo.com\/wp-content\/uploads\/2026\/03\/Annastiina_Makitalo_pellolla_koira2-1024x682.jpg 1024w, https:\/\/annastiinamakitalo.com\/wp-content\/uploads\/2026\/03\/Annastiina_Makitalo_pellolla_koira2-600x400.jpg 600w, https:\/\/annastiinamakitalo.com\/wp-content\/uploads\/2026\/03\/Annastiina_Makitalo_pellolla_koira2-1200x800.jpg 1200w\" sizes=\"auto, (max-width: 2000px) 100vw, 2000px\" \/><\/figure>\n\n\n\n<h2 class=\"wp-block-heading has-large-font-size\" id=\"inspiro-is-a-digital-product-agency-that-focuses-on-strategy-and-design\" style=\"font-style:normal;font-weight:100\"><strong>Art. Design. Illustration. <\/strong><\/h2>\n\n\n\n<div id=\"services\" class=\"wp-block-group alignfull pattern_multiple_covers has-background has-global-padding is-layout-constrained wp-block-group-is-layout-constrained\">\n\n\n<p class=\"has-text-align-left has-secondary-color has-text-color\" style=\"letter-spacing:1px\">Tehd\u00e4\u00e4nk\u00f6 maailmasta yhdess\u00e4 hiukan kauniimpi?<\/p>\n\n\n\n<h2 class=\"wp-block-heading has-text-align-left\"><\/h2>\n\n\n\n\n\n<div class=\"wp-block-columns is-layout-flex wp-container-core-columns-is-layout-28f84493 wp-block-columns-is-layout-flex\">\n<div class=\"wp-block-column is-layout-flow wp-block-column-is-layout-flow\" style=\"padding-top:0;padding-right:0;padding-bottom:0;padding-left:0\">\n<div class=\"wp-block-cover has-custom-content-position is-position-bottom-left\" style=\"padding-top:var(--wp--preset--spacing--small);padding-right:var(--wp--preset--spacing--x-small);padding-bottom:var(--wp--preset--spacing--small);padding-left:var(--wp--preset--spacing--x-small)\"><img loading=\"lazy\" decoding=\"async\" width=\"2000\" height=\"1334\" class=\"wp-block-cover__image-background wp-image-720 size-full\" alt=\"\" src=\"https:\/\/annastiinamakitalo.com\/wp-content\/uploads\/2026\/04\/Annastiina_Makitalo_studio_vaaka_rottinkituoli.jpg\" data-object-fit=\"cover\" srcset=\"https:\/\/annastiinamakitalo.com\/wp-content\/uploads\/2026\/04\/Annastiina_Makitalo_studio_vaaka_rottinkituoli.jpg 2000w, https:\/\/annastiinamakitalo.com\/wp-content\/uploads\/2026\/04\/Annastiina_Makitalo_studio_vaaka_rottinkituoli-300x200.jpg 300w, https:\/\/annastiinamakitalo.com\/wp-content\/uploads\/2026\/04\/Annastiina_Makitalo_studio_vaaka_rottinkituoli-1024x683.jpg 1024w, https:\/\/annastiinamakitalo.com\/wp-content\/uploads\/2026\/04\/Annastiina_Makitalo_studio_vaaka_rottinkituoli-600x400.jpg 600w, https:\/\/annastiinamakitalo.com\/wp-content\/uploads\/2026\/04\/Annastiina_Makitalo_studio_vaaka_rottinkituoli-1200x800.jpg 1200w\" sizes=\"auto, (max-width: 2000px) 100vw, 2000px\" \/><span aria-hidden=\"true\" class=\"wp-block-cover__background has-primary-background-color has-background-dim-70 has-background-dim\"><\/span><div class=\"wp-block-cover__inner-container is-layout-flow wp-block-cover-is-layout-flow\">\n\n\n<p><\/p>\n\n\n\n<h3 class=\"wp-block-heading has-white-color has-text-color has-medium-font-size\" style=\"margin-top:0;margin-right:0;margin-bottom:0;margin-left:0\">Annastiina M\u00e4kitalo<\/h3>\n\n\n\n<p class=\"has-secondary-color has-text-color has-link-color wp-elements-5787938abf94c40c1cacb81120328164\" style=\"margin-top:0;margin-right:0;margin-bottom:0;margin-left:0\"><a href=\"\/index.php\/project\/annastiina-makitalo\/\">Lue lis\u00e4\u00e4 \u2192<\/a><\/p>\n<\/div><\/div>\n<\/div>\n\n\n\n<div class=\"wp-block-column is-layout-flow wp-block-column-is-layout-flow\" style=\"padding-top:0;padding-right:0;padding-bottom:0;padding-left:0\">\n<div class=\"wp-block-cover has-custom-content-position is-position-bottom-left\" style=\"padding-top:var(--wp--preset--spacing--small);padding-right:var(--wp--preset--spacing--x-small);padding-bottom:var(--wp--preset--spacing--small);padding-left:var(--wp--preset--spacing--x-small)\"><img loading=\"lazy\" decoding=\"async\" width=\"1000\" height=\"667\" class=\"wp-block-cover__image-background wp-image-116 size-full\" alt=\"\" src=\"https:\/\/annastiinamakitalo.com\/wp-content\/uploads\/2025\/12\/Pikkumusta_talvi_small2.jpg\" data-object-fit=\"cover\" srcset=\"https:\/\/annastiinamakitalo.com\/wp-content\/uploads\/2025\/12\/Pikkumusta_talvi_small2.jpg 1000w, https:\/\/annastiinamakitalo.com\/wp-content\/uploads\/2025\/12\/Pikkumusta_talvi_small2-300x200.jpg 300w\" sizes=\"auto, (max-width: 1000px) 100vw, 1000px\" \/><span aria-hidden=\"true\" class=\"wp-block-cover__background has-primary-background-color has-background-dim-70 has-background-dim\"><\/span><div class=\"wp-block-cover__inner-container is-layout-flow wp-block-cover-is-layout-flow\">\n<h2 class=\"wp-block-heading has-white-color has-text-color has-medium-font-size\" style=\"margin-top:0;margin-right:0;margin-bottom:0;margin-left:0\">Studio<\/h2>\n\n\n\n<p class=\"has-secondary-color has-text-color has-link-color wp-elements-5b8171404ceab8809eed7431180818b8\" style=\"margin-top:0;margin-right:0;margin-bottom:0;margin-left:0\"><a href=\"\/index.php\/project\/studio\/\">Lue lis\u00e4\u00e4 \u2192<\/a><\/p>\n<\/div><\/div>\n<\/div>\n<\/div>\n\n\n<\/div>\n\n\n\n<p><\/p>\n\n\n\n<p><\/p>\n\n\n\n\n\n\n\n\n\n<div class=\"wp-block-cover alignfull\" style=\"padding-top:50px;padding-right:50px;padding-bottom:50px;padding-left:50px;min-height:316px;aspect-ratio:unset;\"><img loading=\"lazy\" decoding=\"async\" width=\"724\" height=\"1024\" class=\"wp-block-cover__image-background wp-image-54 size-large\" alt=\"\" src=\"https:\/\/annastiinamakitalo.com\/wp-content\/uploads\/2025\/12\/Annastiina_HEINAKUVA_A4-724x1024.jpg\" data-object-fit=\"cover\" srcset=\"https:\/\/annastiinamakitalo.com\/wp-content\/uploads\/2025\/12\/Annastiina_HEINAKUVA_A4-724x1024.jpg 724w, https:\/\/annastiinamakitalo.com\/wp-content\/uploads\/2025\/12\/Annastiina_HEINAKUVA_A4-212x300.jpg 212w, https:\/\/annastiinamakitalo.com\/wp-content\/uploads\/2025\/12\/Annastiina_HEINAKUVA_A4.jpg 1732w\" sizes=\"auto, (max-width: 724px) 100vw, 724px\" \/><span aria-hidden=\"true\" class=\"wp-block-cover__background has-black-background-color has-background-dim\"><\/span><div class=\"wp-block-cover__inner-container is-layout-flow wp-block-cover-is-layout-flow\">\n\n\n<div class=\"wp-block-columns is-layout-flex wp-container-core-columns-is-layout-28f84493 wp-block-columns-is-layout-flex\">\n<div class=\"wp-block-column is-vertically-aligned-center is-layout-flow wp-block-column-is-layout-flow\" style=\"padding-top:20px;padding-right:0px;padding-bottom:20px;padding-left:0px\">\n<div class=\"wp-block-group is-content-justification-space-between is-nowrap is-layout-flex wp-container-core-group-is-layout-bb3dfb5c wp-block-group-is-layout-flex\">\n<div class=\"wp-block-group is-layout-flow wp-block-group-is-layout-flow\">\n<p class=\"has-text-align-left\"><em>&#8221;Herbaario-teos oli eritt\u00e4in onnistunut taideprojekti kokonaisuudessaan. Siin\u00e4 taiteen keinoin tallennettiin tontilla kasvaneet kasvit eritt\u00e4in vieh\u00e4tt\u00e4v\u00e4ksi osaksi tontille rakennettuja rivitaloja. Jokainen asunto sai oman kasvinsa, joka yksil\u00f6i asunnon ja jonka juuret on rakennuspaikan aiemmassa historiassa. Yhteisty\u00f6 Annastiinan kanssa oli sujuvaa ja lopputulos upea.&#8221;<\/em><\/p>\n\n\n\n<p class=\"has-text-align-left has-white-color has-text-color\" style=\"font-size:clamp(14px, 0.875rem + ((1vw - 3.2px) * 0.354), 18px);line-height:1\"><br>Seppo Haataja, Kotistekij\u00e4 <\/p>\n<\/div>\n<\/div>\n<\/div>\n<\/div>\n<\/div><\/div>\n\n\n\n<p><\/p>\n","protected":false},"excerpt":{"rendered":"<p>Art. Design. Illustration. Tehd\u00e4\u00e4nk\u00f6 maailmasta yhdess\u00e4 hiukan kauniimpi?<\/p>\n","protected":false},"author":1,"featured_media":0,"parent":0,"menu_order":0,"comment_status":"closed","ping_status":"closed","template":"","meta":{"inspiro_hide_title":false,"footnotes":""},"class_list":["post-38","page","type-page","status-publish","hentry"],"featured_media_urls":[],"_links":{"self":[{"href":"https:\/\/annastiinamakitalo.com\/index.php\/wp-json\/wp\/v2\/pages\/38","targetHints":{"allow":["GET"]}}],"collection":[{"href":"https:\/\/annastiinamakitalo.com\/index.php\/wp-json\/wp\/v2\/pages"}],"about":[{"href":"https:\/\/annastiinamakitalo.com\/index.php\/wp-json\/wp\/v2\/types\/page"}],"author":[{"embeddable":true,"href":"https:\/\/annastiinamakitalo.com\/index.php\/wp-json\/wp\/v2\/users\/1"}],"replies":[{"embeddable":true,"href":"https:\/\/annastiinamakitalo.com\/index.php\/wp-json\/wp\/v2\/comments?post=38"}],"version-history":[{"count":57,"href":"https:\/\/annastiinamakitalo.com\/index.php\/wp-json\/wp\/v2\/pages\/38\/revisions"}],"predecessor-version":[{"id":721,"href":"https:\/\/annastiinamakitalo.com\/index.php\/wp-json\/wp\/v2\/pages\/38\/revisions\/721"}],"wp:attachment":[{"href":"https:\/\/annastiinamakitalo.com\/index.php\/wp-json\/wp\/v2\/media?parent=38"}],"curies":[{"name":"wp","href":"https:\/\/api.w.org\/{rel}","templated":true}]}}